{"id":6000,"date":"2025-01-07T13:57:02","date_gmt":"2025-05-02T10:47:14","guid":{"rendered":"https:\/\/www.hitec-zang.de\/?page_id=6000"},"modified":"2025-12-11T11:47:56","modified_gmt":"2025-12-11T10:47:56","slug":"ri-cad-free-training-version","status":"publish","type":"page","link":"https:\/\/www.hitec-zang.de\/en\/products\/accessories\/ri-cad-free-training-version\/","title":{"rendered":"RI-CAD - Free education version"},"content":{"rendered":"\t\t<div data-elementor-type=\"wp-page\" data-elementor-id=\"6000\" class=\"elementor elementor-6000\" data-elementor-post-type=\"page\">\n\t\t\t\t<div data-dce-background-color=\"#EFF7FF\" class=\"elementor-element elementor-element-c419d43 e-flex e-con-boxed e-con e-parent\" data-id=\"c419d43\" data-element_type=\"container\" data-e-type=\"container\" data-settings=\"{&quot;background_background&quot;:&quot;classic&quot;}\">\n\t\t\t\t\t<div class=\"e-con-inner\">\n\t\t<div class=\"elementor-element elementor-element-86422fc e-con-full e-flex e-con e-child\" data-id=\"86422fc\" data-element_type=\"container\" data-e-type=\"container\">\n\t\t\t\t<div class=\"elementor-element elementor-element-c843eb1 elementor-widget elementor-widget-text-editor\" data-id=\"c843eb1\" data-element_type=\"widget\" data-e-type=\"widget\" data-widget_type=\"text-editor.default\">\n\t\t\t\t<div class=\"elementor-widget-container\">\n\t\t\t\t\t\t\t\t\t<p><a href=\"https:\/\/www.hitec-zang.de\/\">Home<\/a><\/p>\t\t\t\t\t\t\t\t<\/div>\n\t\t\t\t<\/div>\n\t\t\t\t<div class=\"elementor-element elementor-element-453dc81 elementor-view-default elementor-widget elementor-widget-icon\" data-id=\"453dc81\" data-element_type=\"widget\" data-e-type=\"widget\" data-widget_type=\"icon.default\">\n\t\t\t\t<div class=\"elementor-widget-container\">\n\t\t\t\t\t\t\t<div class=\"elementor-icon-wrapper\">\n\t\t\t<div class=\"elementor-icon\">\n\t\t\t<svg xmlns=\"http:\/\/www.w3.org\/2000\/svg\" width=\"18\" height=\"33\" viewBox=\"0 0 18 33\" fill=\"none\"><path d=\"M2 1.88691L16.8114 16.6983L2 31.5098\" stroke=\"#00519D\" stroke-width=\"1.5\" stroke-linecap=\"square\"><\/path><\/svg>\t\t\t<\/div>\n\t\t<\/div>\n\t\t\t\t\t\t<\/div>\n\t\t\t\t<\/div>\n\t\t\t\t<div class=\"elementor-element elementor-element-5248adb elementor-widget elementor-widget-text-editor\" data-id=\"5248adb\" data-element_type=\"widget\" data-e-type=\"widget\" data-widget_type=\"text-editor.default\">\n\t\t\t\t<div class=\"elementor-widget-container\">\n\t\t\t\t\t\t\t\t\tRI-CAD Kostenfreie Ausbildungsversion\t\t\t\t\t\t\t\t<\/div>\n\t\t\t\t<\/div>\n\t\t\t\t<\/div>\n\t\t\t\t<div class=\"elementor-element elementor-element-f80cd9d elementor-widget elementor-widget-heading\" data-id=\"f80cd9d\" data-element_type=\"widget\" data-e-type=\"widget\" data-widget_type=\"heading.default\">\n\t\t\t\t<div class=\"elementor-widget-container\">\n\t\t\t\t\t<h1 class=\"elementor-heading-title elementor-size-default\">RI-CAD Kostenfreie Ausbildungsversion<\/h1>\t\t\t\t<\/div>\n\t\t\t\t<\/div>\n\t\t\t\t\t<\/div>\n\t\t\t\t<\/div>\n\t\t<div class=\"elementor-element elementor-element-9bec646 e-grid e-con-boxed e-con e-parent\" data-id=\"9bec646\" data-element_type=\"container\" data-e-type=\"container\">\n\t\t\t\t\t<div class=\"e-con-inner\">\n\t\t\t\t<div class=\"elementor-element elementor-element-3522f94 dce_masking-none elementor-widget elementor-widget-image\" data-id=\"3522f94\" data-element_type=\"widget\" data-e-type=\"widget\" data-widget_type=\"image.default\">\n\t\t\t\t<div class=\"elementor-widget-container\">\n\t\t\t\t\t\t\t\t\t\t\t\t\t\t\t<img fetchpriority=\"high\" decoding=\"async\" width=\"800\" height=\"600\" src=\"https:\/\/www.hitec-zang.de\/wp-content\/uploads\/2025\/01\/HiTec-Zang-LabVision-RI-CAD-Galerie.png\" class=\"attachment-large size-large wp-image-3426\" alt=\"| \u2013 F\u00fchrender Anbieter f\u00fcr Laborreaktoren in der chemischen Verfahrenstechnik\" srcset=\"https:\/\/www.hitec-zang.de\/wp-content\/uploads\/2025\/01\/HiTec-Zang-LabVision-RI-CAD-Galerie.png 1024w, https:\/\/www.hitec-zang.de\/wp-content\/uploads\/2025\/01\/HiTec-Zang-LabVision-RI-CAD-Galerie-300x225.png 300w, https:\/\/www.hitec-zang.de\/wp-content\/uploads\/2025\/01\/HiTec-Zang-LabVision-RI-CAD-Galerie-768x576.png 768w, https:\/\/www.hitec-zang.de\/wp-content\/uploads\/2025\/01\/HiTec-Zang-LabVision-RI-CAD-Galerie-16x12.png 16w\" sizes=\"(max-width: 800px) 100vw, 800px\" title=\"| \u2013 F\u00fchrender Anbieter f\u00fcr Laborreaktoren in der chemischen Verfahrenstechnik\">\t\t\t\t\t\t\t\t\t\t\t\t\t\t\t<\/div>\n\t\t\t\t<\/div>\n\t\t<div class=\"elementor-element elementor-element-f813412 e-con-full e-flex e-con e-child\" data-id=\"f813412\" data-element_type=\"container\" data-e-type=\"container\">\n\t\t\t\t<div class=\"elementor-element elementor-element-be298be elementor-widget elementor-widget-heading\" data-id=\"be298be\" data-element_type=\"widget\" data-e-type=\"widget\" data-widget_type=\"heading.default\">\n\t\t\t\t<div class=\"elementor-widget-container\">\n\t\t\t\t\t<h3 class=\"elementor-heading-title elementor-size-default\">RI-CAD - Kostenfreie Ausbildungsversion<\/h3>\t\t\t\t<\/div>\n\t\t\t\t<\/div>\n\t\t\t\t<div class=\"elementor-element elementor-element-815df6c elementor-widget elementor-widget-text-editor\" data-id=\"815df6c\" data-element_type=\"widget\" data-e-type=\"widget\" data-widget_type=\"text-editor.default\">\n\t\t\t\t<div class=\"elementor-widget-container\">\n\t\t\t\t\t\t\t\t\t<p style=\"text-align: left;\">Hochschulen und sonstige nicht kommerzielle Ausbildungs- und Fortbildungseinrichtungen k\u00f6nnen eine kostenfreie Version von RI-CAD anfordern.<\/p><p>Mit der Beantragung einer Lizenz akzeptieren Sie unsere Datenschutzerkl\u00e4rung.<\/p><h4>\u00a0<\/h4><h5><span style=\"color: #00519d;\">So funktioniert&#8217;s<\/span><\/h5><p>Laden Sie zun\u00e4chst die <a href=\"https:\/\/update.ri-cad.de\/ricad_list.php\" target=\"_blank\" rel=\"noopener\">RI-CAD Demoversion<\/a>* herunter und installieren Sie diese auf Ihrem Computer. Beim Starten der Demoversion klicken Sie auf die Schaltfl\u00e4che &#8222;Aktivieren&#8220;. Es wird eine Hardware-ID angezeigt.<\/p><p>Bitte senden Sie uns diese mit dem folgenden Formular zu.<\/p>\t\t\t\t\t\t\t\t<\/div>\n\t\t\t\t<\/div>\n\t\t\t\t<div class=\"elementor-element elementor-element-40a5305 elementor-widget elementor-widget-text-editor\" data-id=\"40a5305\" data-element_type=\"widget\" data-e-type=\"widget\" data-widget_type=\"text-editor.default\">\n\t\t\t\t<div class=\"elementor-widget-container\">\n\t\t\t\t\t\t\t\t\t<p><strong>* <\/strong>Die Demoversion hat folgende Einschr\u00e4nkungen:<\/p><ul><li>Erstellte Dokumente k\u00f6nnen nicht gespeichert und gedruckt werden.<\/li><li>Elemente k\u00f6nnen nicht kopiert werden.<\/li><\/ul>\t\t\t\t\t\t\t\t<\/div>\n\t\t\t\t<\/div>\n\t\t\t\t<\/div>\n\t\t\t\t\t<\/div>\n\t\t\t\t<\/div>\n\t\t<div class=\"elementor-element elementor-element-cc0bd48 e-grid e-con-boxed e-con e-parent\" data-id=\"cc0bd48\" data-element_type=\"container\" data-e-type=\"container\" data-settings=\"{&quot;background_background&quot;:&quot;classic&quot;}\">\n\t\t\t\t\t<div class=\"e-con-inner\">\n\t\t<div class=\"elementor-element elementor-element-56c09f1 e-con-full e-flex e-con e-child\" data-id=\"56c09f1\" data-element_type=\"container\" data-e-type=\"container\">\n\t\t\t\t<div class=\"elementor-element elementor-element-a60c5df elementor-widget elementor-widget-heading\" data-id=\"a60c5df\" data-element_type=\"widget\" data-e-type=\"widget\" data-widget_type=\"heading.default\">\n\t\t\t\t<div class=\"elementor-widget-container\">\n\t\t\t\t\t<h3 class=\"elementor-heading-title elementor-size-default\">Lizenz anfordern<\/h3>\t\t\t\t<\/div>\n\t\t\t\t<\/div>\n\t\t\t\t<div class=\"elementor-element elementor-element-bf21e78 elementor-button-align-stretch elementor-widget elementor-widget-form\" data-id=\"bf21e78\" data-element_type=\"widget\" data-e-type=\"widget\" data-settings=\"{&quot;step_next_label&quot;:&quot;N\\u00e4chster&quot;,&quot;step_previous_label&quot;:&quot;Voriger&quot;,&quot;button_width&quot;:&quot;100&quot;,&quot;step_type&quot;:&quot;number_text&quot;,&quot;step_icon_shape&quot;:&quot;circle&quot;}\" data-widget_type=\"form.default\">\n\t\t\t\t<div class=\"elementor-widget-container\">\n\t\t\t\t\t\t\t<form class=\"elementor-form\" method=\"post\" name=\"Neues Formular\" aria-label=\"Neues Formular\">\n\t\t\t<input type=\"hidden\" name=\"post_id\" value=\"6000\"\/>\n\t\t\t<input type=\"hidden\" name=\"form_id\" value=\"bf21e78\"\/>\n\t\t\t<input type=\"hidden\" name=\"referer_title\" value=\"\" \/>\n\n\t\t\t\n\t\t\t<div class=\"elementor-form-fields-wrapper elementor-labels-\">\n\t\t\t\t\t\t\t\t<div class=\"elementor-field-type-html elementor-field-group elementor-column elementor-field-group-field_f370986 elementor-col-100\">\n\t\t\t\t\t<u>Pers\u00f6nliche Daten<\/u>\t\t\t\t<\/div>\n\t\t\t\t\t\t\t\t<div class=\"elementor-field-type-select elementor-field-group elementor-column elementor-field-group-name elementor-col-50\">\n\t\t\t\t\t\t\t\t\t\t\t\t<label for=\"form-field-name\" class=\"elementor-field-label elementor-screen-only\">\n\t\t\t\t\t\t\t\tAnrede\t\t\t\t\t\t\t<\/label>\n\t\t\t\t\t\t\t\t<div class=\"elementor-field elementor-select-wrapper remove-before \">\n\t\t\t<div class=\"select-caret-down-wrapper\">\n\t\t\t\t<svg aria-hidden=\"true\" class=\"e-font-icon-svg e-eicon-caret-down\" viewBox=\"0 0 571.4 571.4\" xmlns=\"http:\/\/www.w3.org\/2000\/svg\"><path d=\"M571 393Q571 407 561 418L311 668Q300 679 286 679T261 668L11 418Q0 407 0 393T11 368 36 357H536Q550 357 561 368T571 393Z\"><\/path><\/svg>\t\t\t<\/div>\n\t\t\t<select name=\"form_fields[name]\" id=\"form-field-name\" class=\"elementor-field-textual elementor-size-md\">\n\t\t\t\t\t\t\t\t\t<option value=\"Herr\" selected=\"selected\">Herr<\/option>\n\t\t\t\t\t\t\t\t\t<option value=\"Frau\">Frau<\/option>\n\t\t\t\t\t\t\t\t\t<option value=\"divers\">divers<\/option>\n\t\t\t\t\t\t\t<\/select>\n\t\t<\/div>\n\t\t\t\t\t\t<\/div>\n\t\t\t\t\t\t\t\t<div class=\"elementor-field-type-text elementor-field-group elementor-column elementor-field-group-field_f6a9cc9 elementor-col-50\">\n\t\t\t\t\t\t\t\t\t\t\t\t<label for=\"form-field-field_f6a9cc9\" class=\"elementor-field-label elementor-screen-only\">\n\t\t\t\t\t\t\t\tTitel\t\t\t\t\t\t\t<\/label>\n\t\t\t\t\t\t\t\t\t\t\t\t\t\t<input size=\"1\" type=\"text\" name=\"form_fields[field_f6a9cc9]\" id=\"form-field-field_f6a9cc9\" class=\"elementor-field elementor-size-md  elementor-field-textual\" placeholder=\"Titel\">\n\t\t\t\t\t\t\t\t\t\t\t<\/div>\n\t\t\t\t\t\t\t\t<div class=\"elementor-field-type-text elementor-field-group elementor-column elementor-field-group-field_053969d elementor-col-50 elementor-field-required\">\n\t\t\t\t\t\t\t\t\t\t\t\t<label for=\"form-field-field_053969d\" class=\"elementor-field-label elementor-screen-only\">\n\t\t\t\t\t\t\t\tVorname*\t\t\t\t\t\t\t<\/label>\n\t\t\t\t\t\t\t\t\t\t\t\t\t\t<input size=\"1\" type=\"text\" name=\"form_fields[field_053969d]\" id=\"form-field-field_053969d\" class=\"elementor-field elementor-size-md  elementor-field-textual\" placeholder=\"Vorname*\" required=\"required\">\n\t\t\t\t\t\t\t\t\t\t\t<\/div>\n\t\t\t\t\t\t\t\t<div class=\"elementor-field-type-text elementor-field-group elementor-column elementor-field-group-field_cd052c8 elementor-col-50 elementor-field-required\">\n\t\t\t\t\t\t\t\t\t\t\t\t<label for=\"form-field-field_cd052c8\" class=\"elementor-field-label elementor-screen-only\">\n\t\t\t\t\t\t\t\tNachname*\t\t\t\t\t\t\t<\/label>\n\t\t\t\t\t\t\t\t\t\t\t\t\t\t<input size=\"1\" type=\"text\" name=\"form_fields[field_cd052c8]\" id=\"form-field-field_cd052c8\" class=\"elementor-field elementor-size-md  elementor-field-textual\" placeholder=\"Nachname*\" required=\"required\">\n\t\t\t\t\t\t\t\t\t\t\t<\/div>\n\t\t\t\t\t\t\t\t<div class=\"elementor-field-type-email elementor-field-group elementor-column elementor-field-group-email elementor-col-100 elementor-field-required\">\n\t\t\t\t\t\t\t\t\t\t\t\t<label for=\"form-field-email\" class=\"elementor-field-label elementor-screen-only\">\n\t\t\t\t\t\t\t\tE-Mail*\t\t\t\t\t\t\t<\/label>\n\t\t\t\t\t\t\t\t\t\t\t\t\t\t<input size=\"1\" type=\"email\" name=\"form_fields[email]\" id=\"form-field-email\" class=\"elementor-field elementor-size-md  elementor-field-textual\" placeholder=\"E-Mail*\" required=\"required\">\n\t\t\t\t\t\t\t\t\t\t\t<\/div>\n\t\t\t\t\t\t\t\t<div class=\"elementor-field-type-html elementor-field-group elementor-column elementor-field-group-field_733ac1f elementor-col-100\">\n\t\t\t\t\tBitte laden Sie einen Ausbildungsnachweis o. \u00e4. hoch, wenn Sie keine Instituts-E-Mail-Adresse haben.\t\t\t\t<\/div>\n\t\t\t\t\t\t\t\t<div class=\"elementor-field-type-upload elementor-field-group elementor-column elementor-field-group-field_9227d14 elementor-col-50\">\n\t\t\t\t\t\t\t\t\t\t\t\t<label for=\"form-field-field_9227d14\" class=\"elementor-field-label elementor-screen-only\">\n\t\t\t\t\t\t\t\tDatei hochladen\t\t\t\t\t\t\t<\/label>\n\t\t\t\t\t\t\t\t<input type=\"file\" name=\"form_fields[field_9227d14]\" id=\"form-field-field_9227d14\" class=\"elementor-field elementor-size-md  elementor-upload-field\">\n\n\t\t\t\t\t\t<\/div>\n\t\t\t\t\t\t\t\t<div class=\"elementor-field-type-html elementor-field-group elementor-column elementor-field-group-field_6729e7c elementor-col-100\">\n\t\t\t\t\t<br><u>Verwendung<\/u>\t\t\t\t<\/div>\n\t\t\t\t\t\t\t\t<div class=\"elementor-field-type-text elementor-field-group elementor-column elementor-field-group-field_8120124 elementor-col-100\">\n\t\t\t\t\t\t\t\t\t\t\t\t<label for=\"form-field-field_8120124\" class=\"elementor-field-label elementor-screen-only\">\n\t\t\t\t\t\t\t\tName der Einrichtung\/des Ausbildungsbetriebes\/des Instituts*\t\t\t\t\t\t\t<\/label>\n\t\t\t\t\t\t\t\t\t\t\t\t\t\t<input size=\"1\" type=\"text\" name=\"form_fields[field_8120124]\" id=\"form-field-field_8120124\" class=\"elementor-field elementor-size-md  elementor-field-textual\" placeholder=\"Name der Einrichtung\/des Ausbildungsbetriebes\/des Instituts*\">\n\t\t\t\t\t\t\t\t\t\t\t<\/div>\n\t\t\t\t\t\t\t\t<div class=\"elementor-field-type-textarea elementor-field-group elementor-column elementor-field-group-field_13bdc51 elementor-col-100 elementor-field-required\">\n\t\t\t\t\t\t\t\t\t\t\t\t<label for=\"form-field-field_13bdc51\" class=\"elementor-field-label elementor-screen-only\">\n\t\t\t\t\t\t\t\tVerwendungszweck*\t\t\t\t\t\t\t<\/label>\n\t\t\t\t\t\t<textarea class=\"elementor-field-textual elementor-field  elementor-size-md\" name=\"form_fields[field_13bdc51]\" id=\"form-field-field_13bdc51\" rows=\"4\" placeholder=\"Verwendungszweck*\" required=\"required\"><\/textarea>\t\t\t\t<\/div>\n\t\t\t\t\t\t\t\t<div class=\"elementor-field-type-html elementor-field-group elementor-column elementor-field-group-field_6bd7c8f elementor-col-100\">\n\t\t\t\t\t<br><u>Hardware-ID<\/u>\t\t\t\t<\/div>\n\t\t\t\t\t\t\t\t<div class=\"elementor-field-type-text elementor-field-group elementor-column elementor-field-group-field_8776782 elementor-col-100 elementor-field-required\">\n\t\t\t\t\t\t\t\t\t\t\t\t<label for=\"form-field-field_8776782\" class=\"elementor-field-label elementor-screen-only\">\n\t\t\t\t\t\t\t\tHardware-ID*\t\t\t\t\t\t\t<\/label>\n\t\t\t\t\t\t\t\t\t\t\t\t\t\t<input size=\"1\" type=\"text\" name=\"form_fields[field_8776782]\" id=\"form-field-field_8776782\" class=\"elementor-field elementor-size-md  elementor-field-textual\" placeholder=\"Geben Sie hier die Hardware-ID aus dem RI-CAD-Aktivierungsdialog ein.*\" required=\"required\">\n\t\t\t\t\t\t\t\t\t\t\t<\/div>\n\t\t\t\t\t\t\t\t<div class=\"elementor-field-type-acceptance elementor-field-group elementor-column elementor-field-group-field_81f1d1d elementor-col-100 elementor-field-required\">\n\t\t\t\t\t\t\t\t\t\t\t\t<label for=\"form-field-field_81f1d1d\" class=\"elementor-field-label elementor-screen-only\">\n\t\t\t\t\t\t\t\tZustimmung Datenschutzerkl\u00e4rung\t\t\t\t\t\t\t<\/label>\n\t\t\t\t\t\t\t\t<div class=\"elementor-field-subgroup\">\n\t\t\t<span class=\"elementor-field-option\">\n\t\t\t\t<input type=\"checkbox\" name=\"form_fields[field_81f1d1d]\" id=\"form-field-field_81f1d1d\" class=\"elementor-field elementor-size-md  elementor-acceptance-field\" required=\"required\">\n\t\t\t\t<label for=\"form-field-field_81f1d1d\">Ich habe die Datenschutzerkl\u00e4rung zur Kenntnis genommen und stimme zu, dass meine Angaben zur Kontaktaufnahme und f\u00fcr R\u00fcckfragen dauerhaft gespeichert werden.*<\/label>\t\t\t<\/span>\n\t\t<\/div>\n\t\t\t\t\t\t<\/div>\n\t\t\t\t\t\t\t\t<div class=\"elementor-field-type-recaptcha_v3 elementor-field-group elementor-column elementor-field-group-field_73d9b37 elementor-col-100 recaptcha_v3-bottomright\">\n\t\t\t\t\t<div class=\"elementor-field\" id=\"form-field-field_73d9b37\"><div class=\"elementor-g-recaptcha\" data-sitekey=\"6Lf2Iw0rAAAAACwGJJgFHV_lYsfgNGej9Xe7KlrH\" data-type=\"v3\" data-action=\"Form\" data-badge=\"bottomright\" data-size=\"invisible\"><\/div><\/div>\t\t\t\t<\/div>\n\t\t\t\t\t\t\t\t<div class=\"elementor-field-group elementor-column elementor-field-type-submit elementor-col-100 e-form__buttons\">\n\t\t\t\t\t<button class=\"elementor-button elementor-size-sm\" type=\"submit\">\n\t\t\t\t\t\t<span class=\"elementor-button-content-wrapper\">\n\t\t\t\t\t\t\t\t\t\t\t\t\t\t\t\t\t\t\t\t\t\t<span class=\"elementor-button-text\">Lizenz anfordern<\/span>\n\t\t\t\t\t\t\t\t\t\t\t\t\t<\/span>\n\t\t\t\t\t<\/button>\n\t\t\t\t<\/div>\n\t\t\t<\/div>\n\t\t<\/form>\n\t\t\t\t\t\t<\/div>\n\t\t\t\t<\/div>\n\t\t\t\t<div class=\"elementor-element elementor-element-d033ceb elementor-widget elementor-widget-text-editor\" data-id=\"d033ceb\" data-element_type=\"widget\" data-e-type=\"widget\" data-widget_type=\"text-editor.default\">\n\t\t\t\t<div class=\"elementor-widget-container\">\n\t\t\t\t\t\t\t\t\t<p><strong>Hinweis:<\/strong> Felder mit * m\u00fcssen ausgef\u00fcllt werden.<\/p><p>Sie k\u00f6nnen Ihre Einwilligung jederzeit f\u00fcr die Zukunft per E-Mail an Datenschutz@hitec-zang.de widerrufen.<\/p>\t\t\t\t\t\t\t\t<\/div>\n\t\t\t\t<\/div>\n\t\t\t\t<\/div>\n\t\t\t\t\t<\/div>\n\t\t\t\t<\/div>\n\t\t\t\t<\/div>\n\t\t","protected":false},"excerpt":{"rendered":"<p>Home RI-CAD &#8211; Kostenfreie Ausbildungsversion Hochschulen und sonstige nicht kommerzielle Ausbildungs- und Fortbildungseinrichtungen k\u00f6nnen eine kostenfreie Version von RI-CAD anfordern. Mit der Beantragung einer Lizenz akzeptieren Sie unsere Datenschutzerkl\u00e4rung. \u00a0 So funktioniert&#8217;s Laden Sie zun\u00e4chst die RI-CAD Demoversion* herunter und installieren Sie diese auf Ihrem Computer. Beim Starten der Demoversion klicken Sie auf die Schaltfl\u00e4che [&hellip;]<\/p>\n","protected":false},"author":2,"featured_media":0,"parent":809,"menu_order":0,"comment_status":"closed","ping_status":"closed","template":"","meta":{"_acf_changed":false,"inline_featured_image":false,"footnotes":""},"class_list":["post-6000","page","type-page","status-publish","hentry"],"acf":[],"_links":{"self":[{"href":"https:\/\/www.hitec-zang.de\/en\/wp-json\/wp\/v2\/pages\/6000","targetHints":{"allow":["GET"]}}],"collection":[{"href":"https:\/\/www.hitec-zang.de\/en\/wp-json\/wp\/v2\/pages"}],"about":[{"href":"https:\/\/www.hitec-zang.de\/en\/wp-json\/wp\/v2\/types\/page"}],"author":[{"embeddable":true,"href":"https:\/\/www.hitec-zang.de\/en\/wp-json\/wp\/v2\/users\/2"}],"replies":[{"embeddable":true,"href":"https:\/\/www.hitec-zang.de\/en\/wp-json\/wp\/v2\/comments?post=6000"}],"version-history":[{"count":108,"href":"https:\/\/www.hitec-zang.de\/en\/wp-json\/wp\/v2\/pages\/6000\/revisions"}],"predecessor-version":[{"id":7589,"href":"https:\/\/www.hitec-zang.de\/en\/wp-json\/wp\/v2\/pages\/6000\/revisions\/7589"}],"up":[{"embeddable":true,"href":"https:\/\/www.hitec-zang.de\/en\/wp-json\/wp\/v2\/pages\/809"}],"wp:attachment":[{"href":"https:\/\/www.hitec-zang.de\/en\/wp-json\/wp\/v2\/media?parent=6000"}],"curies":[{"name":"wp","href":"https:\/\/api.w.org\/{rel}","templated":true}]}}